{"id":28800,"date":"2025-08-19T09:30:01","date_gmt":"2025-08-19T02:30:01","guid":{"rendered":"https:\/\/benhviendhnct.sandboxnctu.qzz.io\/benhviendhnct\/?page_id=28800"},"modified":"2026-04-07T08:52:27","modified_gmt":"2026-04-07T01:52:27","slug":"ban-lanh-dao","status":"publish","type":"page","link":"https:\/\/benhviendhnct.com.vn\/benhviendhnct\/ban-lanh-dao","title":{"rendered":"Ban L\u00e3nh \u0111\u1ea1o"},"content":{"rendered":"\t\t<div data-elementor-type=\"wp-page\" data-elementor-id=\"28800\" class=\"elementor elementor-28800\" data-elementor-settings=\"{&quot;ha_cmc_init_switcher&quot;:&quot;no&quot;}\" data-elementor-post-type=\"page\">\n\t\t\t\t<div class=\"elementor-element elementor-element-4abb480 e-flex e-con-boxed e-con e-parent\" data-id=\"4abb480\" data-element_type=\"container\" data-settings=\"{&quot;background_background&quot;:&quot;classic&quot;,&quot;_ha_eqh_enable&quot;:false}\">\n\t\t\t\t\t<div class=\"e-con-inner\">\n\t\t\t\t<div class=\"elementor-element elementor-element-d8e9e84 elementor-widget elementor-widget-heading\" data-id=\"d8e9e84\" data-element_type=\"widget\" data-widget_type=\"heading.default\">\n\t\t\t\t\t<span class=\"elementor-heading-title elementor-size-default\">Trang ch\u1ee7 - Gi\u1edbi thi\u1ec7u - Ban L\u00e3nh \u0110\u1ea1o<\/span>\t\t\t\t<\/div>\n\t\t\t\t<div class=\"elementor-element elementor-element-28a3577 elementor-widget elementor-widget-heading\" data-id=\"28a3577\" data-element_type=\"widget\" data-widget_type=\"heading.default\">\n\t\t\t\t\t<h1 class=\"elementor-heading-title elementor-size-default\">Ban L\u00e3nh \u0110\u1ea1o B\u1ec7nh Vi\u1ec7n<\/h1>\t\t\t\t<\/div>\n\t\t\t\t\t<\/div>\n\t\t\t\t<\/div>\n\t\t<div class=\"elementor-element elementor-element-d5d9fc4 e-flex e-con-boxed e-con e-parent\" data-id=\"d5d9fc4\" data-element_type=\"container\" data-settings=\"{&quot;_ha_eqh_enable&quot;:false}\">\n\t\t\t\t\t<div class=\"e-con-inner\">\n\t\t<div class=\"elementor-element elementor-element-d653aa7 e-con-full e-flex e-con e-child\" data-id=\"d653aa7\" data-element_type=\"container\" data-settings=\"{&quot;_ha_eqh_enable&quot;:false}\">\n\t\t\t\t<div class=\"elementor-element elementor-element-15f854d elementor-widget elementor-widget-heading\" data-id=\"15f854d\" data-element_type=\"widget\" data-widget_type=\"heading.default\">\n\t\t\t\t\t<h2 class=\"elementor-heading-title elementor-size-default\">Ban L\u00e3nh \u0111\u1ea1o b\u1ec7nh vi\u1ec7n \u0111\u1ea1i h\u1ecdc Nam C\u1ea7n Th\u01a1<\/h2>\t\t\t\t<\/div>\n\t\t\t\t<div class=\"elementor-element elementor-element-932b06c elementor-hidden-tablet elementor-hidden-mobile elementor-widget elementor-widget-heading\" data-id=\"932b06c\" data-element_type=\"widget\" data-widget_type=\"heading.default\">\n\t\t\t\t\t<span class=\"elementor-heading-title elementor-size-default\">L\u00e0 \u0111\u01a1n v\u1ecb y t\u1ebf \u2013 gi\u00e1o d\u1ee5c tr\u1ef1c thu\u1ed9c Tr\u01b0\u1eddng \u0110\u1ea1i h\u1ecdc, B\u1ec7nh vi\u1ec7n \u0110\u1ea1i h\u1ecdc Nam C\u1ea7n Th\u01a1 cam k\u1ebft tu\u00e2n th\u1ee7 \u0111\u1ea7y \u0111\u1ee7 <br>tr\u00e1ch nhi\u1ec7m ph\u00e1p l\u00fd v\u1edbi Nh\u00e0 n\u01b0\u1edbc, ng\u01b0\u1eddi d\u00e2n v\u00e0 x\u00e3 h\u1ed9i.<\/span>\t\t\t\t<\/div>\n\t\t\t\t<div class=\"elementor-element elementor-element-3dc7ba2 elementor-hidden-desktop elementor-widget elementor-widget-heading\" data-id=\"3dc7ba2\" data-element_type=\"widget\" data-widget_type=\"heading.default\">\n\t\t\t\t\t<span class=\"elementor-heading-title elementor-size-default\">T\u1ea1i b\u1ec7nh vi\u1ec7n \u0111\u1ea1i h\u1ecdc Nam C\u1ea7n Th\u01a1 ch\u00fang t\u00f4i cam k\u1ebft cung c\u1ea5p nh\u1eefng d\u1ecbch v\u1ee5 ch\u1ea5t l\u01b0\u1ee3ng cao v\u1edbi gi\u00e1 c\u1ea3 h\u1ee3p l\u00fd. N\u00e2ng cao ch\u1ea5t l\u01b0\u1ee3ng kh\u00e1m ch\u1eefa b\u1ec7nh cho qu\u00fd kh\u00e1ch h\u00e0ng<\/span>\t\t\t\t<\/div>\n\t\t\t\t<\/div>\n\t\t<div class=\"elementor-element elementor-element-08af42c e-con-full e-flex e-con e-child\" data-id=\"08af42c\" data-element_type=\"container\" data-settings=\"{&quot;_ha_eqh_enable&quot;:false}\">\n\t\t<div class=\"elementor-element elementor-element-d649c23 e-con-full e-flex e-con e-child\" data-id=\"d649c23\" data-element_type=\"container\" data-settings=\"{&quot;_ha_eqh_enable&quot;:false}\">\n\t\t<div class=\"elementor-element elementor-element-c5d15fb e-con-full e-flex e-con e-child\" data-id=\"c5d15fb\" data-element_type=\"container\" data-settings=\"{&quot;background_background&quot;:&quot;classic&quot;,&quot;_ha_eqh_enable&quot;:false}\">\n\t\t\t\t<div class=\"elementor-element elementor-element-04ec3b6 elementor-widget elementor-widget-image\" data-id=\"04ec3b6\" data-element_type=\"widget\" data-widget_type=\"image.default\">\n\t\t\t\t\t\t\t\t\t\t\t\t\t\t\t<img fetchpriority=\"high\" decoding=\"async\" width=\"867\" height=\"867\" src=\"https:\/\/benhviendhnct.com.vn\/benhviendhnct\/wp-content\/uploads\/2025\/08\/Ellipse-8.png\" class=\"attachment-full size-full wp-image-28807\" alt=\"\" srcset=\"https:\/\/benhviendhnct.com.vn\/benhviendhnct\/wp-content\/uploads\/2025\/08\/Ellipse-8.png 867w, https:\/\/benhviendhnct.com.vn\/benhviendhnct\/wp-content\/uploads\/2025\/08\/Ellipse-8-300x300.png 300w, https:\/\/benhviendhnct.com.vn\/benhviendhnct\/wp-content\/uploads\/2025\/08\/Ellipse-8-150x150.png 150w, https:\/\/benhviendhnct.com.vn\/benhviendhnct\/wp-content\/uploads\/2025\/08\/Ellipse-8-768x768.png 768w, https:\/\/benhviendhnct.com.vn\/benhviendhnct\/wp-content\/uploads\/2025\/08\/Ellipse-8-700x700.png 700w\" sizes=\"(max-width: 867px) 100vw, 867px\" \/>\t\t\t\t\t\t\t\t\t\t\t\t\t\t\t<\/div>\n\t\t<div class=\"elementor-element elementor-element-317fa4c e-con-full e-flex e-con e-child\" data-id=\"317fa4c\" data-element_type=\"container\" data-settings=\"{&quot;background_background&quot;:&quot;classic&quot;,&quot;_ha_eqh_enable&quot;:false}\">\n\t\t\t\t<div class=\"elementor-element elementor-element-3a966c7 elementor-widget elementor-widget-heading\" data-id=\"3a966c7\" data-element_type=\"widget\" data-widget_type=\"heading.default\">\n\t\t\t\t\t<h2 class=\"elementor-heading-title elementor-size-default\">Ch\u1ee7 t\u1ecbch<br>\nTS-LS. Nguy\u1ec5n Ti\u1ebfn D\u0169ng<\/h2>\t\t\t\t<\/div>\n\t\t\t\t<\/div>\n\t\t\t\t<\/div>\n\t\t<div class=\"elementor-element elementor-element-e414369 e-con-full e-flex e-con e-child\" data-id=\"e414369\" data-element_type=\"container\" data-settings=\"{&quot;_ha_eqh_enable&quot;:false}\">\n\t\t<div class=\"elementor-element elementor-element-829c779 e-con-full e-flex e-con e-child\" data-id=\"829c779\" data-element_type=\"container\" data-settings=\"{&quot;_ha_eqh_enable&quot;:false}\">\n\t\t\t\t<div class=\"elementor-element elementor-element-a364ab2 elementor-widget elementor-widget-heading\" data-id=\"a364ab2\" data-element_type=\"widget\" data-widget_type=\"heading.default\">\n\t\t\t\t\t<h3 class=\"elementor-heading-title elementor-size-default\">Ch\u1ee7 T\u1ecbch B\u1ec7nh vi\u1ec7n \u0110\u1ea1i H\u1ecdc Nam C\u1ea7n Th\u01a1, Ch\u1ee7 T\u1ecbch h\u1ed9i \u0111\u1ed3ng tr\u01b0\u1eddng <br>\u0110\u1ea1i H\u1ecdc Nam C\u1ea7n Th\u01a1<\/h3>\t\t\t\t<\/div>\n\t\t\t\t<\/div>\n\t\t\t\t<\/div>\n\t\t\t\t<\/div>\n\t\t<div class=\"elementor-element elementor-element-24ef4db e-con-full e-flex e-con e-child\" data-id=\"24ef4db\" data-element_type=\"container\" data-settings=\"{&quot;_ha_eqh_enable&quot;:false}\">\n\t\t<div class=\"elementor-element elementor-element-18af4d1 e-con-full e-flex e-con e-child\" data-id=\"18af4d1\" data-element_type=\"container\" data-settings=\"{&quot;background_background&quot;:&quot;classic&quot;,&quot;_ha_eqh_enable&quot;:false}\">\n\t\t\t\t<div class=\"elementor-element elementor-element-f7afe1e elementor-widget elementor-widget-image\" data-id=\"f7afe1e\" data-element_type=\"widget\" data-widget_type=\"image.default\">\n\t\t\t\t\t\t\t\t\t\t\t\t\t\t\t<img decoding=\"async\" width=\"867\" height=\"867\" src=\"https:\/\/benhviendhnct.com.vn\/benhviendhnct\/wp-content\/uploads\/2025\/08\/Ellipse-82.png\" class=\"attachment-full size-full wp-image-28808\" alt=\"\" srcset=\"https:\/\/benhviendhnct.com.vn\/benhviendhnct\/wp-content\/uploads\/2025\/08\/Ellipse-82.png 867w, https:\/\/benhviendhnct.com.vn\/benhviendhnct\/wp-content\/uploads\/2025\/08\/Ellipse-82-300x300.png 300w, https:\/\/benhviendhnct.com.vn\/benhviendhnct\/wp-content\/uploads\/2025\/08\/Ellipse-82-150x150.png 150w, https:\/\/benhviendhnct.com.vn\/benhviendhnct\/wp-content\/uploads\/2025\/08\/Ellipse-82-768x768.png 768w, https:\/\/benhviendhnct.com.vn\/benhviendhnct\/wp-content\/uploads\/2025\/08\/Ellipse-82-700x700.png 700w\" sizes=\"(max-width: 867px) 100vw, 867px\" \/>\t\t\t\t\t\t\t\t\t\t\t\t\t\t\t<\/div>\n\t\t<div class=\"elementor-element elementor-element-e583c5b e-con-full e-flex e-con e-child\" data-id=\"e583c5b\" data-element_type=\"container\" data-settings=\"{&quot;background_background&quot;:&quot;classic&quot;,&quot;_ha_eqh_enable&quot;:false}\">\n\t\t\t\t<div class=\"elementor-element elementor-element-2389a3b elementor-widget elementor-widget-heading\" data-id=\"2389a3b\" data-element_type=\"widget\" data-widget_type=\"heading.default\">\n\t\t\t\t\t<h2 class=\"elementor-heading-title elementor-size-default\">Gi\u00e1m \u0111\u1ed1c<br>\nPGS-TS-BS. \n\u0110\u00e0m V\u0103n C\u01b0\u01a1ng<\/h2>\t\t\t\t<\/div>\n\t\t\t\t<\/div>\n\t\t\t\t<\/div>\n\t\t<div class=\"elementor-element elementor-element-5a207f3 e-con-full e-flex e-con e-child\" data-id=\"5a207f3\" data-element_type=\"container\" data-settings=\"{&quot;_ha_eqh_enable&quot;:false}\">\n\t\t<div class=\"elementor-element elementor-element-844311f e-con-full e-flex e-con e-child\" data-id=\"844311f\" data-element_type=\"container\" data-settings=\"{&quot;_ha_eqh_enable&quot;:false}\">\n\t\t\t\t<div class=\"elementor-element elementor-element-8994dca elementor-widget elementor-widget-heading\" data-id=\"8994dca\" data-element_type=\"widget\" data-widget_type=\"heading.default\">\n\t\t\t\t\t<h3 class=\"elementor-heading-title elementor-size-default\">Gi\u00e1m \u0111\u1ed1c B\u1ec7nh vi\u1ec7n \u0110\u1ea1i H\u1ecdc Nam C\u1ea7n Th\u01a1. <br>\nNguy\u00ean Ph\u00f3 hi\u1ec7u tr\u01b0\u1edfng Tr\u01b0\u1eddng \u0110\u1ea1i H\u1ecdc Y D\u01b0\u1ee3c C\u1ea7n Th\u01a1.<\/h3>\t\t\t\t<\/div>\n\t\t\t\t<\/div>\n\t\t\t\t<\/div>\n\t\t\t\t<\/div>\n\t\t<div class=\"elementor-element elementor-element-2e05392 e-con-full e-flex e-con e-child\" data-id=\"2e05392\" data-element_type=\"container\" data-settings=\"{&quot;_ha_eqh_enable&quot;:false}\">\n\t\t<div class=\"elementor-element elementor-element-330d14d e-con-full e-flex e-con e-child\" data-id=\"330d14d\" data-element_type=\"container\" data-settings=\"{&quot;background_background&quot;:&quot;classic&quot;,&quot;_ha_eqh_enable&quot;:false}\">\n\t\t\t\t<div class=\"elementor-element elementor-element-0753def elementor-widget elementor-widget-image\" data-id=\"0753def\" data-element_type=\"widget\" data-widget_type=\"image.default\">\n\t\t\t\t\t\t\t\t\t\t\t\t\t\t\t<img decoding=\"async\" width=\"867\" height=\"867\" src=\"https:\/\/benhviendhnct.com.vn\/benhviendhnct\/wp-content\/uploads\/2025\/08\/Ellipse-83.png\" class=\"attachment-full size-full wp-image-28809\" alt=\"\" srcset=\"https:\/\/benhviendhnct.com.vn\/benhviendhnct\/wp-content\/uploads\/2025\/08\/Ellipse-83.png 867w, https:\/\/benhviendhnct.com.vn\/benhviendhnct\/wp-content\/uploads\/2025\/08\/Ellipse-83-300x300.png 300w, https:\/\/benhviendhnct.com.vn\/benhviendhnct\/wp-content\/uploads\/2025\/08\/Ellipse-83-150x150.png 150w, https:\/\/benhviendhnct.com.vn\/benhviendhnct\/wp-content\/uploads\/2025\/08\/Ellipse-83-768x768.png 768w, https:\/\/benhviendhnct.com.vn\/benhviendhnct\/wp-content\/uploads\/2025\/08\/Ellipse-83-700x700.png 700w\" sizes=\"(max-width: 867px) 100vw, 867px\" \/>\t\t\t\t\t\t\t\t\t\t\t\t\t\t\t<\/div>\n\t\t<div class=\"elementor-element elementor-element-2a3df06 e-con-full e-flex e-con e-child\" data-id=\"2a3df06\" data-element_type=\"container\" data-settings=\"{&quot;background_background&quot;:&quot;classic&quot;,&quot;_ha_eqh_enable&quot;:false}\">\n\t\t\t\t<div class=\"elementor-element elementor-element-7bc052c elementor-widget elementor-widget-heading\" data-id=\"7bc052c\" data-element_type=\"widget\" data-widget_type=\"heading.default\">\n\t\t\t\t\t<h2 class=\"elementor-heading-title elementor-size-default\">Ph\u00f3 Gi\u00e1m \u0111\u1ed1c<br>\nTS-BS. Nguy\u1ec5n V\u0103n Th\u00e1i<\/h2>\t\t\t\t<\/div>\n\t\t\t\t<\/div>\n\t\t\t\t<\/div>\n\t\t<div class=\"elementor-element elementor-element-d31d7b0 e-con-full e-flex e-con e-child\" data-id=\"d31d7b0\" data-element_type=\"container\" data-settings=\"{&quot;_ha_eqh_enable&quot;:false}\">\n\t\t<div class=\"elementor-element elementor-element-4fd0bfc e-con-full e-flex e-con e-child\" data-id=\"4fd0bfc\" data-element_type=\"container\" data-settings=\"{&quot;_ha_eqh_enable&quot;:false}\">\n\t\t\t\t<div class=\"elementor-element elementor-element-6f2501e elementor-widget elementor-widget-heading\" data-id=\"6f2501e\" data-element_type=\"widget\" data-widget_type=\"heading.default\">\n\t\t\t\t\t<h3 class=\"elementor-heading-title elementor-size-default\">Ph\u00f3 Gi\u00e1m \u0111\u1ed1c B\u1ec7nh vi\u1ec7n \u0110\u1ea1i H\u1ecdc Nam C\u1ea7n Th\u01a1. <br>\nNguy\u00ean Gi\u00e1m \u0111\u1ed1c B\u1ec7nh vi\u1ec7n \u0111a khoa T\u00e2y \u0110\u00f4, Gi\u00e1m \u0111\u1ed1c b\u1ec7nh vi\u1ec7n s\u1ed1 10<\/h3>\t\t\t\t<\/div>\n\t\t\t\t<\/div>\n\t\t\t\t<\/div>\n\t\t\t\t<\/div>\n\t\t\t\t<\/div>\n\t\t\t\t\t<\/div>\n\t\t\t\t<\/div>\n\t\t\t\t<\/div>\n\t\t","protected":false},"excerpt":{"rendered":"<p>Trang ch\u1ee7 &#8211; Gi\u1edbi thi\u1ec7u &#8211; Ban L\u00e3nh \u0110\u1ea1o Ban L\u00e3nh \u0110\u1ea1o B\u1ec7nh Vi\u1ec7n Ban L\u00e3nh \u0111\u1ea1o b\u1ec7nh vi\u1ec7n \u0111\u1ea1i [&hellip;]<\/p>\n","protected":false},"author":1,"featured_media":0,"parent":0,"menu_order":0,"comment_status":"closed","ping_status":"closed","template":"","meta":{"_acf_changed":false,"site-sidebar-layout":"no-sidebar","site-content-layout":"","ast-site-content-layout":"full-width-container","site-content-style":"default","site-sidebar-style":"default","ast-global-header-display":"","ast-banner-title-visibility":"","ast-main-header-display":"","ast-hfb-above-header-display":"","ast-hfb-below-header-display":"","ast-hfb-mobile-header-display":"","site-post-title":"disabled","ast-breadcrumbs-content":"","ast-featured-img":"disabled","footer-sml-layout":"","theme-transparent-header-meta":"default","adv-header-id-meta":"","stick-header-meta":"","header-above-stick-meta":"","header-main-stick-meta":"","header-below-stick-meta":"","astra-migrate-meta-layouts":"set","ast-page-background-enabled":"default","ast-page-background-meta":{"desktop":{"background-color":"var(--ast-global-color-5)","background-image":"","background-repeat":"repeat","background-position":"center center","background-size":"auto","background-attachment":"scroll","background-type":"","background-media":"","overlay-type":"","overlay-color":"","overlay-opacity":"","overlay-gradient":""},"tablet":{"background-color":"","background-image":"","background-repeat":"repeat","background-position":"center center","background-size":"auto","background-attachment":"scroll","background-type":"","background-media":"","overlay-type":"","overlay-color":"","overlay-opacity":"","overlay-gradient":""},"mobile":{"background-color":"","background-image":"","background-repeat":"repeat","background-position":"center center","background-size":"auto","background-attachment":"scroll","background-type":"","background-media":"","overlay-type":"","overlay-color":"","overlay-opacity":"","overlay-gradient":""}},"ast-content-background-meta":{"desktop":{"background-color":"var(--ast-global-color-4)","background-image":"","background-repeat":"repeat","background-position":"center center","background-size":"auto","background-attachment":"scroll","background-type":"","background-media":"","overlay-type":"","overlay-color":"","overlay-opacity":"","overlay-gradient":""},"tablet":{"background-color":"var(--ast-global-color-4)","background-image":"","background-repeat":"repeat","background-position":"center center","background-size":"auto","background-attachment":"scroll","background-type":"","background-media":"","overlay-type":"","overlay-color":"","overlay-opacity":"","overlay-gradient":""},"mobile":{"background-color":"var(--ast-global-color-4)","background-image":"","background-repeat":"repeat","background-position":"center center","background-size":"auto","background-attachment":"scroll","background-type":"","background-media":"","overlay-type":"","overlay-color":"","overlay-opacity":"","overlay-gradient":""}},"footnotes":""},"class_list":["post-28800","page","type-page","status-publish","hentry"],"acf":[],"_links":{"self":[{"href":"https:\/\/benhviendhnct.com.vn\/benhviendhnct\/wp-json\/wp\/v2\/pages\/28800","targetHints":{"allow":["GET"]}}],"collection":[{"href":"https:\/\/benhviendhnct.com.vn\/benhviendhnct\/wp-json\/wp\/v2\/pages"}],"about":[{"href":"https:\/\/benhviendhnct.com.vn\/benhviendhnct\/wp-json\/wp\/v2\/types\/page"}],"author":[{"embeddable":true,"href":"https:\/\/benhviendhnct.com.vn\/benhviendhnct\/wp-json\/wp\/v2\/users\/1"}],"replies":[{"embeddable":true,"href":"https:\/\/benhviendhnct.com.vn\/benhviendhnct\/wp-json\/wp\/v2\/comments?post=28800"}],"version-history":[{"count":72,"href":"https:\/\/benhviendhnct.com.vn\/benhviendhnct\/wp-json\/wp\/v2\/pages\/28800\/revisions"}],"predecessor-version":[{"id":34415,"href":"https:\/\/benhviendhnct.com.vn\/benhviendhnct\/wp-json\/wp\/v2\/pages\/28800\/revisions\/34415"}],"wp:attachment":[{"href":"https:\/\/benhviendhnct.com.vn\/benhviendhnct\/wp-json\/wp\/v2\/media?parent=28800"}],"curies":[{"name":"wp","href":"https:\/\/api.w.org\/{rel}","templated":true}]}}